{"id":46460,"date":"2024-11-13T12:28:13","date_gmt":"2024-11-13T09:28:13","guid":{"rendered":"https:\/\/privatusginekologas.lt\/contact-us\/"},"modified":"2025-12-02T19:28:56","modified_gmt":"2025-12-02T16:28:56","slug":"contact-us","status":"publish","type":"page","link":"https:\/\/privatusginekologas.lt\/en\/contact-us\/","title":{"rendered":"Contact us"},"content":{"rendered":"\t\t<div data-elementor-type=\"wp-page\" data-elementor-id=\"46460\" class=\"elementor elementor-46460 elementor-40916\">\n\t\t\t\t<div class=\"elementor-element elementor-element-b8eb5e0 e-flex e-con-boxed cmsmasters-block-default e-con e-parent\" data-id=\"b8eb5e0\" data-element_type=\"container\" data-e-type=\"container\" data-settings=\"{&quot;background_background&quot;:&quot;classic&quot;}\">\n\t\t\t\t\t<div class=\"e-con-inner\">\n\t\t<div class=\"elementor-element elementor-element-e97cf74 e-con-full e-flex cmsmasters-block-default e-con e-child\" data-id=\"e97cf74\" data-element_type=\"container\" data-e-type=\"container\" data-settings=\"{&quot;background_background&quot;:&quot;classic&quot;}\">\n\t\t\t\t<div class=\"elementor-element elementor-element-e0829b5 cmsmasters-block-default cmsmasters-sticky-default elementor-widget elementor-widget-heading\" data-id=\"e0829b5\" data-element_type=\"widget\" data-e-type=\"widget\" data-widget_type=\"heading.default\">\n\t\t\t\t<div class=\"elementor-widget-container\">\n\t\t\t\t\t<h2 class=\"elementor-heading-title elementor-size-default\">Feel free to reach out \u2013 we will help find <i>the most suitable solution for your situation.<\/i> <\/h2>\t\t\t\t<\/div>\n\t\t\t\t<\/div>\n\t\t\t\t<div class=\"elementor-element elementor-element-4801e0d cmsmasters-block-default cmsmasters-sticky-default elementor-widget elementor-widget-text-editor\" data-id=\"4801e0d\" data-element_type=\"widget\" data-e-type=\"widget\" data-widget_type=\"text-editor.default\">\n\t\t\t\t<div class=\"elementor-widget-container\">\n\t\t\t\t\t\t\t\t\t<p><strong data-start=\"111\" data-end=\"248\">We meet women at various moments in their lives \u2013 when they are vulnerable, when they are radiant with joy, and sometimes when they are anxious. <\/strong>We are here to ensure they feel safe and cared for at all these stages.<\/p>\t\t\t\t\t\t\t\t<\/div>\n\t\t\t\t<\/div>\n\t\t<div class=\"elementor-element elementor-element-fee6b2f e-con-full e-flex cmsmasters-block-default e-con e-child\" data-id=\"fee6b2f\" data-element_type=\"container\" data-e-type=\"container\">\n\t\t\t\t<div class=\"elementor-element elementor-element-fa15975 cmsmasters-button-align-center cmsmasters-icon-arrangement-together cmsmasters-block-default cmsmasters-sticky-default elementor-invisible elementor-widget elementor-widget-cmsmasters-button\" data-id=\"fa15975\" data-element_type=\"widget\" data-e-type=\"widget\" data-settings=\"{&quot;_animation&quot;:&quot;fadeIn&quot;}\" data-widget_type=\"cmsmasters-button.default\">\n\t\t\t\t<div class=\"elementor-widget-container\">\n\t\t\t\t\t<div class=\"elementor-widget-cmsmasters-button__button-container\"><div class=\"elementor-widget-cmsmasters-button__button-container-inner\"><a href=\"#forma\" class=\"cmsmasters-button-link elementor-widget-cmsmasters-button__button cmsmasters-icon-view-default cmsmasters-icon-shape- cmsmasters-button-size-sm\" role=\"button\"><span class=\"elementor-widget-cmsmasters-button__content-wrapper cmsmasters-align-icon-left\"><span class=\"elementor-widget-cmsmasters-button__icon\"><i aria-hidden=\"true\" class=\"cmsmsdemo-icon- cmsms-demo-icon-arrow-right\"><\/i><\/span><span class=\"elementor-widget-cmsmasters-button__text\">Online registration<\/span><\/span><\/a><\/div><\/div>\t\t\t\t<\/div>\n\t\t\t\t<\/div>\n\t\t\t\t<div class=\"elementor-element elementor-element-20c9660 cmsmasters-featured-box__graphic-align-left elementor-widget__width-initial cmsmasters-featured-box__link-box cmsmasters-feature-box__title-position-yes cmsmasters-featured-box__graphic-align-mobile-center cmsmasters-featured-box__graphic-align-tablet-center cmsmasters-featured-box__image_fit-none cmsmasters-featured-box__graphic-position-column cmsmasters-featured-box__graphic-position-tablet-column cmsmasters-featured-box__graphic-position-mobile-column cmsmasters-featured-box__text-valign-middle cmsmasters-block-default cmsmasters-sticky-default elementor-widget elementor-widget-cmsmasters-featured-box\" data-id=\"20c9660\" data-element_type=\"widget\" data-e-type=\"widget\" data-widget_type=\"cmsmasters-featured-box.default\">\n\t\t\t\t<div class=\"elementor-widget-container\">\n\t\t\t\t\t<a href=\"tel:+37064013431\" class=\"elementor-widget-cmsmasters-featured-box__wrapper\"><div class=\"elementor-widget-cmsmasters-featured-box__content\">\n\t\t\t\t<div class=\"elementor-widget-cmsmasters-featured-box__content-vertical-inner\"><div class=\"elementor-widget-cmsmasters-featured-box__type-wrap elementor-widget-cmsmasters-featured-box__content-item\"><div class=\"elementor-widget-cmsmasters-featured-box__title elementor-widget-cmsmasters-featured-box__content-item\">Call Us<\/div><div class=\"elementor-widget-cmsmasters-featured-box__description elementor-widget-cmsmasters-featured-box__content-item\">+37064013431<\/div><\/div>\n\t\t\t\t<\/div>\n\t\t\t<\/div>\n\t\t<\/a>\t\t\t\t<\/div>\n\t\t\t\t<\/div>\n\t\t\t\t<\/div>\n\t\t\t\t<\/div>\n\t\t<div class=\"elementor-element elementor-element-4c1ce96 e-con-full e-flex cmsmasters-bg-hide-none cmsmasters-bg-hide-none cmsmasters-block-default e-con e-child\" data-id=\"4c1ce96\" data-element_type=\"container\" data-e-type=\"container\" data-settings=\"{&quot;background_background&quot;:&quot;classic&quot;}\">\n\t\t\t\t<\/div>\n\t\t\t\t\t<\/div>\n\t\t\t\t<\/div>\n\t\t<div class=\"elementor-element elementor-element-2a764fa e-flex e-con-boxed cmsmasters-block-default e-con e-parent\" data-id=\"2a764fa\" data-element_type=\"container\" data-e-type=\"container\">\n\t\t\t\t\t<div class=\"e-con-inner\">\n\t\t<div class=\"elementor-element elementor-element-c784897 e-con-full e-flex cmsmasters-block-default e-con e-child\" data-id=\"c784897\" data-element_type=\"container\" data-e-type=\"container\">\n\t\t\t\t<div class=\"elementor-element elementor-element-6cff3b0 elementor-widget__width-initial cmsmasters-block-default cmsmasters-sticky-default elementor-widget elementor-widget-heading\" data-id=\"6cff3b0\" data-element_type=\"widget\" data-e-type=\"widget\" data-widget_type=\"heading.default\">\n\t\t\t\t<div class=\"elementor-widget-container\">\n\t\t\t\t\t<h2 class=\"elementor-heading-title elementor-size-default\">Contact us<\/h2>\t\t\t\t<\/div>\n\t\t\t\t<\/div>\n\t\t\t\t<div class=\"elementor-element elementor-element-d8bd70e cmsmasters-block-default cmsmasters-sticky-default elementor-widget elementor-widget-heading\" data-id=\"d8bd70e\" data-element_type=\"widget\" data-e-type=\"widget\" data-widget_type=\"heading.default\">\n\t\t\t\t<div class=\"elementor-widget-container\">\n\t\t\t\t\t<p class=\"elementor-heading-title elementor-size-default\">We look forward to your visit. <\/p>\t\t\t\t<\/div>\n\t\t\t\t<\/div>\n\t\t<div class=\"elementor-element elementor-element-00f4df6 e-flex e-con-boxed cmsmasters-block-default e-con e-child\" data-id=\"00f4df6\" data-element_type=\"container\" data-e-type=\"container\">\n\t\t\t\t\t<div class=\"e-con-inner\">\n\t\t<div class=\"elementor-element elementor-element-6d6c2b6 e-con-full e-flex cmsmasters-block-default e-con e-child\" data-id=\"6d6c2b6\" data-element_type=\"container\" data-e-type=\"container\">\n\t\t\t\t<div class=\"elementor-element elementor-element-1f6214e cmsmasters-block-default cmsmasters-sticky-default elementor-widget elementor-widget-heading\" data-id=\"1f6214e\" data-element_type=\"widget\" data-e-type=\"widget\" data-widget_type=\"heading.default\">\n\t\t\t\t<div class=\"elementor-widget-container\">\n\t\t\t\t\t<h6 class=\"elementor-heading-title elementor-size-default\">Address:<\/h6>\t\t\t\t<\/div>\n\t\t\t\t<\/div>\n\t\t\t\t<div class=\"elementor-element elementor-element-ef9b593 cmsmasters-block-default cmsmasters-sticky-default elementor-widget elementor-widget-text-editor\" data-id=\"ef9b593\" data-element_type=\"widget\" data-e-type=\"widget\" data-widget_type=\"text-editor.default\">\n\t\t\t\t<div class=\"elementor-widget-container\">\n\t\t\t\t\t\t\t\t\tPilies g. 38-1, Vilnius, Lietuva\t\t\t\t\t\t\t\t<\/div>\n\t\t\t\t<\/div>\n\t\t\t\t<\/div>\n\t\t<div class=\"elementor-element elementor-element-5928715 e-con-full e-flex cmsmasters-block-default e-con e-child\" data-id=\"5928715\" data-element_type=\"container\" data-e-type=\"container\">\n\t\t\t\t<div class=\"elementor-element elementor-element-6064efa cmsmasters-block-default cmsmasters-sticky-default elementor-widget elementor-widget-heading\" data-id=\"6064efa\" data-element_type=\"widget\" data-e-type=\"widget\" data-widget_type=\"heading.default\">\n\t\t\t\t<div class=\"elementor-widget-container\">\n\t\t\t\t\t<h6 class=\"elementor-heading-title elementor-size-default\">Working hours:<\/h6>\t\t\t\t<\/div>\n\t\t\t\t<\/div>\n\t\t\t\t<div class=\"elementor-element elementor-element-c96357e cmsmasters-block-default cmsmasters-sticky-default elementor-widget elementor-widget-text-editor\" data-id=\"c96357e\" data-element_type=\"widget\" data-e-type=\"widget\" data-widget_type=\"text-editor.default\">\n\t\t\t\t<div class=\"elementor-widget-container\">\n\t\t\t\t\t\t\t\t\tI \u2013 V: 9:00 \u2013 19:00 val., <br> VI \u2013 VII: U\u017edaryta\t\t\t\t\t\t\t\t<\/div>\n\t\t\t\t<\/div>\n\t\t\t\t<\/div>\n\t\t\t\t\t<\/div>\n\t\t\t\t<\/div>\n\t\t\t\t<\/div>\n\t\t<div class=\"elementor-element elementor-element-b785703 e-con-full e-flex cmsmasters-block-default e-con e-child\" data-id=\"b785703\" data-element_type=\"container\" data-e-type=\"container\">\n\t\t\t\t<div class=\"elementor-element elementor-element-35e4a23 cmsmasters-block-default cmsmasters-sticky-default elementor-widget elementor-widget-google_maps\" data-id=\"35e4a23\" data-element_type=\"widget\" data-e-type=\"widget\" data-widget_type=\"google_maps.default\">\n\t\t\t\t<div class=\"elementor-widget-container\">\n\t\t\t\t\t\t\t<div class=\"elementor-custom-embed\">\n\t\t\t<iframe loading=\"lazy\"\n\t\t\t\t\tsrc=\"https:\/\/maps.google.com\/maps?q=Pilies%20g.%2038-1%2C%20Vilnius%2C%20Lietuva&#038;t=m&#038;z=15&#038;output=embed&#038;iwloc=near\"\n\t\t\t\t\ttitle=\"Pilies g. 38-1, Vilnius, Lietuva\"\n\t\t\t\t\taria-label=\"Pilies g. 38-1, Vilnius, Lietuva\"\n\t\t\t><\/iframe>\n\t\t<\/div>\n\t\t\t\t\t\t<\/div>\n\t\t\t\t<\/div>\n\t\t\t\t<\/div>\n\t\t\t\t\t<\/div>\n\t\t\t\t<\/div>\n\t\t<div class=\"elementor-element elementor-element-7fbb252 e-flex e-con-boxed cmsmasters-block-default e-con e-parent\" data-id=\"7fbb252\" data-element_type=\"container\" data-e-type=\"container\" id=\"uzklausos-forma\">\n\t\t\t\t\t<div class=\"e-con-inner\">\n\t\t<div class=\"elementor-element elementor-element-65d19d1 e-con-full e-flex cmsmasters-block-default e-con e-child\" data-id=\"65d19d1\" data-element_type=\"container\" data-e-type=\"container\">\n\t\t\t\t<div class=\"elementor-element elementor-element-44010ab cmsmasters-block-default cmsmasters-sticky-default elementor-widget elementor-widget-image\" data-id=\"44010ab\" data-element_type=\"widget\" data-e-type=\"widget\" data-widget_type=\"image.default\">\n\t\t\t\t<div class=\"elementor-widget-container\">\n\t\t\t\t\t\t\t\t\t\t\t\t\t\t\t<img fetchpriority=\"high\" decoding=\"async\" width=\"1650\" height=\"2200\" src=\"https:\/\/privatusginekologas.lt\/wp-content\/uploads\/2025\/07\/IMG_7545-30x40.png\" class=\"attachment-full size-full wp-image-46461 cmsmasters_img cmsmasters-lazyload lazyload\" alt=\"\" data-sizes=\"(max-width: 1650px) 100vw, 1650px\" data-src=\"https:\/\/privatusginekologas.lt\/wp-content\/uploads\/2025\/07\/IMG_7545.png\" data-srcset=\"https:\/\/privatusginekologas.lt\/wp-content\/uploads\/2025\/07\/IMG_7545.png 1650w, https:\/\/privatusginekologas.lt\/wp-content\/uploads\/2025\/07\/IMG_7545-600x800.png 600w, https:\/\/privatusginekologas.lt\/wp-content\/uploads\/2025\/07\/IMG_7545-225x300.png 225w, https:\/\/privatusginekologas.lt\/wp-content\/uploads\/2025\/07\/IMG_7545-768x1024.png 768w, https:\/\/privatusginekologas.lt\/wp-content\/uploads\/2025\/07\/IMG_7545-1152x1536.png 1152w, https:\/\/privatusginekologas.lt\/wp-content\/uploads\/2025\/07\/IMG_7545-1536x2048.png 1536w, https:\/\/privatusginekologas.lt\/wp-content\/uploads\/2025\/07\/IMG_7545-30x40.png 30w, https:\/\/privatusginekologas.lt\/wp-content\/uploads\/2025\/07\/IMG_7545-8x10.png 8w\" srcset=\"https:\/\/privatusginekologas.lt\/wp-content\/uploads\/2025\/07\/IMG_7545-30x40.png 30w, https:\/\/privatusginekologas.lt\/wp-content\/uploads\/2025\/07\/IMG_7545-600x800.png 600w, https:\/\/privatusginekologas.lt\/wp-content\/uploads\/2025\/07\/IMG_7545-225x300.png 225w, https:\/\/privatusginekologas.lt\/wp-content\/uploads\/2025\/07\/IMG_7545-768x1024.png 768w, https:\/\/privatusginekologas.lt\/wp-content\/uploads\/2025\/07\/IMG_7545-1152x1536.png 1152w, https:\/\/privatusginekologas.lt\/wp-content\/uploads\/2025\/07\/IMG_7545-1536x2048.png 1536w, https:\/\/privatusginekologas.lt\/wp-content\/uploads\/2025\/07\/IMG_7545-8x10.png 8w, https:\/\/privatusginekologas.lt\/wp-content\/uploads\/2025\/07\/IMG_7545.png 1650w\" sizes=\"(max-width: 1650px) 100vw, 1650px\" \/>\t\t\t\t\t\t\t\t\t\t\t\t\t\t\t<\/div>\n\t\t\t\t<\/div>\n\t\t\t\t<\/div>\n\t\t<div class=\"elementor-element elementor-element-62eb028 e-con-full e-flex cmsmasters-block-default e-con e-child\" data-id=\"62eb028\" data-element_type=\"container\" data-e-type=\"container\">\n\t\t\t\t<div class=\"elementor-element elementor-element-ee3e0e1 cmsmasters-block-default cmsmasters-sticky-default elementor-widget elementor-widget-menu-anchor\" data-id=\"ee3e0e1\" data-element_type=\"widget\" data-e-type=\"widget\" data-widget_type=\"menu-anchor.default\">\n\t\t\t\t<div class=\"elementor-widget-container\">\n\t\t\t\t\t\t\t<div class=\"elementor-menu-anchor\" id=\"form\"><\/div>\n\t\t\t\t\t\t<\/div>\n\t\t\t\t<\/div>\n\t\t\t\t<div class=\"elementor-element elementor-element-7e9e54b cmsmasters-block-default cmsmasters-sticky-default elementor-widget elementor-widget-heading\" data-id=\"7e9e54b\" data-element_type=\"widget\" data-e-type=\"widget\" data-widget_type=\"heading.default\">\n\t\t\t\t<div class=\"elementor-widget-container\">\n\t\t\t\t\t<h2 class=\"elementor-heading-title elementor-size-default\">Do You Have Questions or Want to Register?<\/h2>\t\t\t\t<\/div>\n\t\t\t\t<\/div>\n\t\t\t\t<div class=\"elementor-element elementor-element-02ac791 cmsmasters-block-default cmsmasters-sticky-default elementor-widget elementor-widget-text-editor\" data-id=\"02ac791\" data-element_type=\"widget\" data-e-type=\"widget\" data-widget_type=\"text-editor.default\">\n\t\t\t\t<div class=\"elementor-widget-container\">\n\t\t\t\t\t\t\t\t\t<p>Take care of your health today. We are here when you need peace, clarity, and care. <\/p>\t\t\t\t\t\t\t\t<\/div>\n\t\t\t\t<\/div>\n\t\t<div class=\"elementor-element elementor-element-82976ce e-con-full e-flex cmsmasters-block-default e-con e-child\" data-id=\"82976ce\" data-element_type=\"container\" data-e-type=\"container\">\n\t\t\t\t<div class=\"elementor-element elementor-element-5529089 cmsmasters-block-default cmsmasters-sticky-default elementor-widget elementor-widget-text-editor\" data-id=\"5529089\" data-element_type=\"widget\" data-e-type=\"widget\" data-widget_type=\"text-editor.default\">\n\t\t\t\t<div class=\"elementor-widget-container\">\n\t\t\t\t\t\t\t\t\t<p>If you <strong>have<\/strong> a Lithuanian personal code, you can register online \u2013 by clicking the button, you will be directed to the e-patient system. In your account, blood test results, e-prescriptions, and visit history are always accessible at your convenience.  <\/p>\t\t\t\t\t\t\t\t<\/div>\n\t\t\t\t<\/div>\n\t\t\t\t<div class=\"elementor-element elementor-element-35cad94 cmsmasters-button-align-center cmsmasters-icon-arrangement-together cmsmasters-block-default cmsmasters-sticky-default elementor-invisible elementor-widget elementor-widget-cmsmasters-button\" data-id=\"35cad94\" data-element_type=\"widget\" data-e-type=\"widget\" data-settings=\"{&quot;_animation&quot;:&quot;fadeIn&quot;}\" data-widget_type=\"cmsmasters-button.default\">\n\t\t\t\t<div class=\"elementor-widget-container\">\n\t\t\t\t\t<div class=\"elementor-widget-cmsmasters-button__button-container\"><div class=\"elementor-widget-cmsmasters-button__button-container-inner\"><a href=\"https:\/\/e-pacientas.lt\/registration?provider=1163481022%20\" class=\"cmsmasters-button-link elementor-widget-cmsmasters-button__button cmsmasters-icon-view-default cmsmasters-icon-shape- cmsmasters-button-size-sm\" role=\"button\"><span class=\"elementor-widget-cmsmasters-button__content-wrapper cmsmasters-align-icon-left\"><span class=\"elementor-widget-cmsmasters-button__icon\"><i aria-hidden=\"true\" class=\"cmsmsdemo-icon- cmsms-demo-icon-arrow-right\"><\/i><\/span><span class=\"elementor-widget-cmsmasters-button__text\">Online registration<\/span><\/span><\/a><\/div><\/div>\t\t\t\t<\/div>\n\t\t\t\t<\/div>\n\t\t\t\t<div class=\"elementor-element elementor-element-26637f2 cmsmasters-block-default cmsmasters-sticky-default elementor-widget elementor-widget-text-editor\" data-id=\"26637f2\" data-element_type=\"widget\" data-e-type=\"widget\" data-widget_type=\"text-editor.default\">\n\t\t\t\t<div class=\"elementor-widget-container\">\n\t\t\t\t\t\t\t\t\t<p><strong>Don&#8217;t have<\/strong> a Lithuanian personal code? No problem \u2013 you will find a short inquiry form below. Fill it out, and we will contact you during our working hours.  <\/p>\t\t\t\t\t\t\t\t<\/div>\n\t\t\t\t<\/div>\n\t\t\t\t<\/div>\n\t\t\t\t<div class=\"elementor-element elementor-element-165ad4b cmsmasters-block-default cmsmasters-sticky-default elementor-widget elementor-widget-cmsmasters-forminator\" data-id=\"165ad4b\" data-element_type=\"widget\" data-e-type=\"widget\" data-settings=\"{&quot;form_list&quot;:&quot;37&quot;}\" data-widget_type=\"cmsmasters-forminator.default\">\n\t\t\t\t<div class=\"elementor-widget-container\">\n\t\t\t\t\t<div class=\"elementor-widget-cmsmasters-contact-form__wrapper elementor-widget-cmsmasters-contact-form cmsmasters-default-color cmsmasters-default-font\" id=\"cmsmasters-widget-form-165ad4b\">\n\t\t\t<div class=\"elementor-widget-cmsmasters-contact-form__inner\"><div class=\"forminator-ui forminator-custom-form forminator-custom-form-37 forminator-design--default forminator-custom forminator_ajax\" data-forminator-render=\"0\" data-form=\"forminator-module-37\" data-uid=\"69d59b3b2ffbc\"><br\/><\/div><form\n\t\t\t\tid=\"forminator-module-37\"\n\t\t\t\tclass=\"forminator-ui forminator-custom-form forminator-custom-form-37 forminator-design--default forminator-custom forminator_ajax\"\n\t\t\t\tmethod=\"post\"\n\t\t\t\tdata-forminator-render=\"0\"\n\t\t\t\tdata-form-id=\"37\"\n\t\t\t\t data-color-option=\"default\" data-design=\"default\" data-grid=\"custom\" style=\"display: none;\"\n\t\t\t\tdata-uid=\"69d59b3b2ffbc\"\n\t\t\t><div role=\"alert\" aria-live=\"polite\" class=\"forminator-response-message forminator-error\" aria-hidden=\"true\"><\/div><div class=\"forminator-row\"><div id=\"name-1\" class=\"forminator-field-name forminator-col forminator-col-12 \"><div class=\"forminator-field\"><input type=\"text\" name=\"name-1\" value=\"\" placeholder=\"Vardas\" id=\"forminator-field-name-1_69d59b3b2ffbc\" class=\"forminator-input forminator-name--field\" aria-required=\"true\" autocomplete=\"name\" \/><\/div><\/div><\/div><div class=\"forminator-row\"><div id=\"name-2\" class=\"forminator-field-name forminator-col forminator-col-12 \"><div class=\"forminator-field\"><input type=\"text\" name=\"name-2\" value=\"\" placeholder=\"Pavard\u0117\" id=\"forminator-field-name-2_69d59b3b2ffbc\" class=\"forminator-input forminator-name--field\" aria-required=\"true\" autocomplete=\"name\" \/><\/div><\/div><\/div><div class=\"forminator-row\"><div id=\"phone-1\" class=\"forminator-field-phone forminator-col forminator-col-12 \"><div class=\"forminator-field\"><input type=\"text\" name=\"phone-1\" value=\"\" placeholder=\"Telefono numeris\" id=\"forminator-field-phone-1_69d59b3b2ffbc\" class=\"forminator-input forminator-field--phone\" data-required=\"1\" aria-required=\"true\" autocomplete=\"off\" \/><\/div><\/div><\/div><div class=\"forminator-row\"><div id=\"email-1\" class=\"forminator-field-email forminator-col forminator-col-12 \"><div class=\"forminator-field\"><input type=\"email\" name=\"email-1\" value=\"\" placeholder=\"El. pa\u0161tas\" id=\"forminator-field-email-1_69d59b3b2ffbc\" class=\"forminator-input forminator-email--field\" data-required=\"1\" aria-required=\"true\" autocomplete=\"email\" \/><\/div><\/div><\/div><div class=\"forminator-row\"><div id=\"textarea-1\" class=\"forminator-field-textarea forminator-col forminator-col-12 \"><div class=\"forminator-field\"><textarea name=\"textarea-1\" placeholder=\"J\u016bs\u0173 tekstas\" id=\"forminator-field-textarea-1_69d59b3b2ffbc\" class=\"forminator-textarea\" rows=\"6\" style=\"min-height:140px;\" maxlength=\"200\" ><\/textarea><span id=\"forminator-field-textarea-1_69d59b3b2ffbc-description\" class=\"forminator-description\"><span data-limit=\"200\" data-type=\"characters\" data-editor=\"\">0 \/ 200<\/span><\/span><\/div><\/div><\/div><div class=\"forminator-row\"><div id=\"checkbox-1\" class=\"forminator-field-checkbox forminator-col forminator-col-12  \/* Forminator checkbox teksto stilius *\/ .forminator-checkbox label { font-family: &quot;Poppins&quot;, sans-serif; font-size: 16px; font-weight: 400; color: #474646; \/* teksto spalva *\/ }\"><div role=\"group\" class=\"forminator-field required\" aria-labelledby=\"forminator-checkbox-group-forminator-field-checkbox-1-69d59b3b2ffbc-label\"><label id=\"forminator-field-checkbox-1-1-69d59b3b2ffbc-label\" for=\"forminator-field-checkbox-1-1-69d59b3b2ffbc\" class=\"forminator-checkbox\" title=\"Patvirtinu, kad susipa\u017einau su Privatumo politika ir sutinku, kad mano asmens duomenys b\u016bt\u0173 naudojami joje numatytais duomen\u0173 tvarkymo tikslais ir s\u0105lygomis.\"><input type=\"checkbox\" name=\"checkbox-1[]\" value=\"one\" id=\"forminator-field-checkbox-1-1-69d59b3b2ffbc\" aria-labelledby=\"forminator-field-checkbox-1-1-69d59b3b2ffbc-label\" data-calculation=\"0\"   data-hidden-behavior=\"zero\"\/><span class=\"forminator-checkbox-box\" aria-hidden=\"true\"><\/span><span class=\"forminator-checkbox-label\">Patvirtinu, kad susipa\u017einau su Privatumo politika ir sutinku, kad mano asmens duomenys b\u016bt\u0173 naudojami joje numatytais duomen\u0173 tvarkymo tikslais ir s\u0105lygomis.<\/span><\/label><\/div><\/div><\/div><input type=\"hidden\" name=\"referer_url\" value=\"\" \/><div class=\"forminator-row forminator-row-last\"><div class=\"forminator-col\"><div class=\"forminator-field\"><button class=\"forminator-button forminator-button-submit\">Si\u0173sti u\u017eklaus\u0105<\/button><\/div><\/div><\/div><input type=\"hidden\" id=\"forminator_nonce\" name=\"forminator_nonce\" value=\"1a3df98d17\" \/><input type=\"hidden\" name=\"_wp_http_referer\" value=\"\/en\/wp-json\/wp\/v2\/pages\/46460\" \/><input type=\"hidden\" name=\"form_id\" value=\"37\"><input type=\"hidden\" name=\"page_id\" value=\"46460\"><input type=\"hidden\" name=\"form_type\" value=\"default\"><input type=\"hidden\" name=\"current_url\" value=\"https:\/\/privatusginekologas.lt\/en\/contact-us\/\"><input type=\"hidden\" name=\"render_id\" value=\"0\"><input type=\"hidden\" name=\"action\" value=\"forminator_submit_form_custom-forms\"><\/form><\/div>\n\t\t<\/div>\t\t\t\t<\/div>\n\t\t\t\t<\/div>\n\t\t\t\t<\/div>\n\t\t\t\t\t<\/div>\n\t\t\t\t<\/div>\n\t\t\t\t<\/div>\n\t\t","protected":false},"excerpt":{"rendered":"<p>Feel free to reach out \u2013 we will help find the most suitable solution for your situation. We meet women at various moments in their lives \u2013 when they are vulnerable, when they are radiant with joy, and sometimes when they are anxious. We are here to ensure they feel safe and cared for at&#8230;<\/p>\n","protected":false},"author":1,"featured_media":0,"parent":0,"menu_order":8,"comment_status":"closed","ping_status":"closed","template":"","meta":{"_acf_changed":false,"footnotes":""},"class_list":["post-46460","page","type-page","status-publish","hentry"],"acf":[],"_links":{"self":[{"href":"https:\/\/privatusginekologas.lt\/en\/wp-json\/wp\/v2\/pages\/46460","targetHints":{"allow":["GET"]}}],"collection":[{"href":"https:\/\/privatusginekologas.lt\/en\/wp-json\/wp\/v2\/pages"}],"about":[{"href":"https:\/\/privatusginekologas.lt\/en\/wp-json\/wp\/v2\/types\/page"}],"author":[{"embeddable":true,"href":"https:\/\/privatusginekologas.lt\/en\/wp-json\/wp\/v2\/users\/1"}],"replies":[{"embeddable":true,"href":"https:\/\/privatusginekologas.lt\/en\/wp-json\/wp\/v2\/comments?post=46460"}],"version-history":[{"count":2,"href":"https:\/\/privatusginekologas.lt\/en\/wp-json\/wp\/v2\/pages\/46460\/revisions"}],"predecessor-version":[{"id":46463,"href":"https:\/\/privatusginekologas.lt\/en\/wp-json\/wp\/v2\/pages\/46460\/revisions\/46463"}],"wp:attachment":[{"href":"https:\/\/privatusginekologas.lt\/en\/wp-json\/wp\/v2\/media?parent=46460"}],"curies":[{"name":"wp","href":"https:\/\/api.w.org\/{rel}","templated":true}]}}